{"id":104,"date":"2018-02-07T15:53:09","date_gmt":"2018-02-07T15:53:09","guid":{"rendered":"http:\/\/www.utn.edu.ec\/fecyt\/carreras\/cienciasexperimentales\/?page_id=104"},"modified":"2021-08-07T00:01:32","modified_gmt":"2021-08-07T00:01:32","slug":"lineas-de-investigacion","status":"publish","type":"page","link":"https:\/\/cienciasexperimentales.utn.edu.ec\/index.php\/lineas-de-investigacion\/","title":{"rendered":"L\u00edneas de Investigaci\u00f3n"},"content":{"rendered":"<p align=\"justify\">La Carrera de Pedagog\u00eda de las Ciencias Experimentales, se alinea a las l\u00edneas de la Facultada de Educaci\u00f3n, Ciencia y Tecnolog\u00eda, existe una\u00a0L\u00ednea de Investigaci\u00f3n, seg\u00fan los lineamientos institucionales y de acuerdo a las \u00e1reas de conocimiento de la UNESCO por tanto, se orienta a la:<\/p>\n<h2><span style=\"color: #d20a11;\">Gesti\u00f3n, calidad de la educaci\u00f3n, procesos pedag\u00f3gicos e idiomas.<\/span><\/h2>\n","protected":false},"excerpt":{"rendered":"<p>La Carrera de Pedagog\u00eda de las Ciencias Experimentales, se alinea a las l\u00edneas de la Facultada de Educaci\u00f3n, Ciencia y Tecnolog\u00eda, existe una\u00a0L\u00ednea de Investigaci\u00f3n, seg\u00fan los lineamientos institucionales y de acuerdo a las \u00e1reas de conocimiento de la UNESCO <a href=\"https:\/\/cienciasexperimentales.utn.edu.ec\/index.php\/lineas-de-investigacion\/\" class=\"read-more\">Read More &#8230;<\/a><\/p>\n","protected":false},"author":1,"featured_media":0,"parent":0,"menu_order":0,"comment_status":"closed","ping_status":"closed","template":"","meta":{"footnotes":""},"class_list":["post-104","page","type-page","status-publish","hentry"],"_links":{"self":[{"href":"https:\/\/cienciasexperimentales.utn.edu.ec\/index.php\/wp-json\/wp\/v2\/pages\/104","targetHints":{"allow":["GET"]}}],"collection":[{"href":"https:\/\/cienciasexperimentales.utn.edu.ec\/index.php\/wp-json\/wp\/v2\/pages"}],"about":[{"href":"https:\/\/cienciasexperimentales.utn.edu.ec\/index.php\/wp-json\/wp\/v2\/types\/page"}],"author":[{"embeddable":true,"href":"https:\/\/cienciasexperimentales.utn.edu.ec\/index.php\/wp-json\/wp\/v2\/users\/1"}],"replies":[{"embeddable":true,"href":"https:\/\/cienciasexperimentales.utn.edu.ec\/index.php\/wp-json\/wp\/v2\/comments?post=104"}],"version-history":[{"count":6,"href":"https:\/\/cienciasexperimentales.utn.edu.ec\/index.php\/wp-json\/wp\/v2\/pages\/104\/revisions"}],"predecessor-version":[{"id":569,"href":"https:\/\/cienciasexperimentales.utn.edu.ec\/index.php\/wp-json\/wp\/v2\/pages\/104\/revisions\/569"}],"wp:attachment":[{"href":"https:\/\/cienciasexperimentales.utn.edu.ec\/index.php\/wp-json\/wp\/v2\/media?parent=104"}],"curies":[{"name":"wp","href":"https:\/\/api.w.org\/{rel}","templated":true}]}}