{"id":108,"date":"2022-05-25T12:00:08","date_gmt":"2022-05-25T12:00:08","guid":{"rendered":"http:\/\/www.utn.edu.ec\/fecyt\/carreras\/cienciasexperimentales\/?page_id=108"},"modified":"2022-05-25T18:00:48","modified_gmt":"2022-05-25T18:00:48","slug":"redes-de-investigacion","status":"publish","type":"page","link":"https:\/\/cienciasexperimentales.utn.edu.ec\/index.php\/redes-de-investigacion\/","title":{"rendered":"Redes de investigaci\u00f3n"},"content":{"rendered":"<table>\n<tbody>\n<tr>\n<td style=\"text-align: center;\">\n<h4><strong><span style=\"color: #808080;\">RED DE INVESTIGACI\u00d3N<\/span><\/strong><\/h4>\n<\/td>\n<td style=\"text-align: center;\">\n<h4><strong><span style=\"color: #808080;\">NOMBRE DE LA RED<\/span><\/strong><\/h4>\n<\/td>\n<td style=\"text-align: center;\">\n<h4><strong><span style=\"color: #808080;\">URL DE ACCESO<\/span><\/strong><\/h4>\n<\/td>\n<\/tr>\n<tr>\n<td><img loading=\"lazy\" decoding=\"async\" class=\"size-full wp-image-367 aligncenter\" src=\"https:\/\/arteshumanidades.utn.edu.ec\/wp-content\/uploads\/2022\/04\/CEDIA.jpg\" alt=\"\" width=\"160\" height=\"78\" \/><\/td>\n<td>\n<p style=\"text-align: center;\"><strong>CEDIA<\/strong><\/p>\n<p style=\"text-align: left;\">Red Nacional de Investigaci\u00f3n y Educaci\u00f3n del Ecuador<\/p>\n<\/td>\n<td style=\"text-align: center;\"><a href=\"https:\/\/www.cedia.org.ec\/\">www.cedia.org.ec<\/a><\/td>\n<\/tr>\n<tr>\n<td><img loading=\"lazy\" decoding=\"async\" class=\"size-full wp-image-368 aligncenter\" src=\"https:\/\/arteshumanidades.utn.edu.ec\/wp-content\/uploads\/2022\/04\/REDU.jpg\" alt=\"\" width=\"160\" height=\"78\" \/><\/td>\n<td>\n<p style=\"text-align: center;\"><strong>REDU<\/strong><\/p>\n<p style=\"text-align: left;\">Red Ecuatoriana de Universidades y Escuelas Polit\u00e9cnicas para Investigaci\u00f3n y Posgrados<\/p>\n<\/td>\n<td style=\"text-align: center;\"><a href=\"http:\/\/www.redu.edu.ec\/\">www.redu.edu.ec<\/a><\/td>\n<\/tr>\n<\/tbody>\n<\/table>\n<p><\/p>\n","protected":false},"excerpt":{"rendered":"<p>RED DE INVESTIGACI\u00d3N NOMBRE DE LA RED URL DE ACCESO CEDIA Red Nacional de Investigaci\u00f3n y Educaci\u00f3n del Ecuador www.cedia.org.ec REDU Red Ecuatoriana de Universidades y Escuelas Polit\u00e9cnicas para Investigaci\u00f3n y Posgrados www.redu.edu.ec<\/p>\n","protected":false},"author":1,"featured_media":0,"parent":0,"menu_order":0,"comment_status":"closed","ping_status":"closed","template":"","meta":{"footnotes":""},"class_list":["post-108","page","type-page","status-publish","hentry"],"_links":{"self":[{"href":"https:\/\/cienciasexperimentales.utn.edu.ec\/index.php\/wp-json\/wp\/v2\/pages\/108","targetHints":{"allow":["GET"]}}],"collection":[{"href":"https:\/\/cienciasexperimentales.utn.edu.ec\/index.php\/wp-json\/wp\/v2\/pages"}],"about":[{"href":"https:\/\/cienciasexperimentales.utn.edu.ec\/index.php\/wp-json\/wp\/v2\/types\/page"}],"author":[{"embeddable":true,"href":"https:\/\/cienciasexperimentales.utn.edu.ec\/index.php\/wp-json\/wp\/v2\/users\/1"}],"replies":[{"embeddable":true,"href":"https:\/\/cienciasexperimentales.utn.edu.ec\/index.php\/wp-json\/wp\/v2\/comments?post=108"}],"version-history":[{"count":3,"href":"https:\/\/cienciasexperimentales.utn.edu.ec\/index.php\/wp-json\/wp\/v2\/pages\/108\/revisions"}],"predecessor-version":[{"id":585,"href":"https:\/\/cienciasexperimentales.utn.edu.ec\/index.php\/wp-json\/wp\/v2\/pages\/108\/revisions\/585"}],"wp:attachment":[{"href":"https:\/\/cienciasexperimentales.utn.edu.ec\/index.php\/wp-json\/wp\/v2\/media?parent=108"}],"curies":[{"name":"wp","href":"https:\/\/api.w.org\/{rel}","templated":true}]}}