{"id":131,"date":"2018-02-07T16:30:33","date_gmt":"2018-02-07T16:30:33","guid":{"rendered":"http:\/\/www.utn.edu.ec\/fecyt\/carreras\/cienciasexperimentales\/?page_id=131"},"modified":"2024-10-23T19:36:20","modified_gmt":"2024-10-23T19:36:20","slug":"movilidad-docente","status":"publish","type":"page","link":"https:\/\/cienciasexperimentales.utn.edu.ec\/index.php\/vinculacion\/movilidad-docente\/","title":{"rendered":"Movilidad docente"},"content":{"rendered":"<p>La movilidad acad\u00e9mica implica la salida de docentes al exterior y la incorporaci\u00f3n de docentes y cient\u00edficos a las universidades nacionales, con el objetivo de fortalecer el sistema educativo, en donde se logra que docentes y investigadores se vinculen a las instituciones de educaci\u00f3n superior y aporten con sus conocimientos, as\u00ed internacionalizan la educaci\u00f3n y la ciencia ecuatoriana.<\/p>\n<p>A partir del plan de desarrollo estrat\u00e9gico de la instituci\u00f3n, las relaciones internacionales de la Universidad T\u00e9cnica del Norte se enmarcan en las siguientes pol\u00edticas.<\/p>\n<ul>\n<li>Promover una mayor movilidad (con prop\u00f3sitos acad\u00e9micos) de estudiantes, docentes e investigadores desde y hacia la instituci\u00f3n.<\/li>\n<li>Impulsar a iniciativas que propendan por el acercamiento a los sistemas de educaci\u00f3n superior y cultura de otros pa\u00edses, desarrollando mecanismos que permitan el reconocimiento y la consolidaci\u00f3n de periodos de estudios en universidades extranjeras bajo el sistema de cr\u00e9ditos, y creando programas de idiomas extranjeros dentro de la comunidad universitaria.<\/li>\n<li>Fortalecer y promover v\u00ednculos de cooperaci\u00f3n acad\u00e9mica de trabajo en redes con instituciones de alto prestigio internacional.<\/li>\n<li>Acrecentar y fortalecer v\u00ednculos de integraci\u00f3n y alianzas estrat\u00e9gicas con instituciones y asociaciones de car\u00e1cter nacional e internacional.<\/li>\n<li>Identificar y difundir las oportunidades de becas y otros apoyos en el exterior, que contribuyan al mejoramiento profesional de los integrantes de la comunidad universitaria.<\/li>\n<li>Acrecentar la visibilidad institucional a nivel internacional. Difundiendo y promocionando la oferta acad\u00e9mica y servicios de la instituci\u00f3n en el \u00e1mbito internacional, a trav\u00e9s de la organizaci\u00f3n y participaci\u00f3n en visitas promocionales, encuentros, ferias, exposiciones y c\u00e1tedras internacionales.<\/li>\n<li>Identificar y generar oportunidades para el desarrollo de pasant\u00edas, maestr\u00edas, doctorados, y pos doctorados.<\/li>\n<li>Participar en la elaboraci\u00f3n de PAPP \u2013 Plan Anual de Pol\u00edticas de conformidad con el C\u00edrculo de Mejoramiento Continuo de Calidad.<\/li>\n<\/ul>\n","protected":false},"excerpt":{"rendered":"<p>La movilidad acad\u00e9mica implica la salida de docentes al exterior y la incorporaci\u00f3n de docentes y cient\u00edficos a las universidades nacionales, con el objetivo de fortalecer el sistema educativo, en donde se logra que docentes y investigadores se vinculen a <a href=\"https:\/\/cienciasexperimentales.utn.edu.ec\/index.php\/vinculacion\/movilidad-docente\/\" class=\"read-more\">Read More &#8230;<\/a><\/p>\n","protected":false},"author":1,"featured_media":0,"parent":23,"menu_order":0,"comment_status":"closed","ping_status":"closed","template":"","meta":{"footnotes":""},"class_list":["post-131","page","type-page","status-publish","hentry"],"_links":{"self":[{"href":"https:\/\/cienciasexperimentales.utn.edu.ec\/index.php\/wp-json\/wp\/v2\/pages\/131","targetHints":{"allow":["GET"]}}],"collection":[{"href":"https:\/\/cienciasexperimentales.utn.edu.ec\/index.php\/wp-json\/wp\/v2\/pages"}],"about":[{"href":"https:\/\/cienciasexperimentales.utn.edu.ec\/index.php\/wp-json\/wp\/v2\/types\/page"}],"author":[{"embeddable":true,"href":"https:\/\/cienciasexperimentales.utn.edu.ec\/index.php\/wp-json\/wp\/v2\/users\/1"}],"replies":[{"embeddable":true,"href":"https:\/\/cienciasexperimentales.utn.edu.ec\/index.php\/wp-json\/wp\/v2\/comments?post=131"}],"version-history":[{"count":3,"href":"https:\/\/cienciasexperimentales.utn.edu.ec\/index.php\/wp-json\/wp\/v2\/pages\/131\/revisions"}],"predecessor-version":[{"id":722,"href":"https:\/\/cienciasexperimentales.utn.edu.ec\/index.php\/wp-json\/wp\/v2\/pages\/131\/revisions\/722"}],"up":[{"embeddable":true,"href":"https:\/\/cienciasexperimentales.utn.edu.ec\/index.php\/wp-json\/wp\/v2\/pages\/23"}],"wp:attachment":[{"href":"https:\/\/cienciasexperimentales.utn.edu.ec\/index.php\/wp-json\/wp\/v2\/media?parent=131"}],"curies":[{"name":"wp","href":"https:\/\/api.w.org\/{rel}","templated":true}]}}