{"id":25,"date":"2018-02-07T15:07:19","date_gmt":"2018-02-07T15:07:19","guid":{"rendered":"http:\/\/www.utn.edu.ec\/fecyt\/carreras\/cienciasexperimentales\/?page_id=25"},"modified":"2019-02-12T13:33:19","modified_gmt":"2019-02-12T13:33:19","slug":"contactos","status":"publish","type":"page","link":"https:\/\/cienciasexperimentales.utn.edu.ec\/index.php\/contactos\/","title":{"rendered":"Contactos"},"content":{"rendered":"<p>Para comunicarse con la Carrera de Pedagog\u00eda de las Ciencias Experimentales de la UTN utilice los siguientes medios:<\/p>\n<p><strong>Tel\u00e9fonos:<\/strong> +593 (6) 2 99 78 00<\/p>\n<p><strong>E-mail de informaci\u00f3n:<\/strong>\u00a0<a href=\"mailto:lcexperimentales@utn.edu.ec\" target=\"_blank\" rel=\"noopener\">cexperimentales@utn.edu.ec<\/a><\/p>\n<p><strong>Ubicaci\u00f3n<\/strong>: Ciudadela Universitaria, Av. 17 de Julio 5-21 y General Jos\u00e9 Mar\u00eda Cordova.<\/p>\n<p>Sector del Olivo.<\/p>\n<p>Ibarra, Ecuador, Am\u00e9rica del Sur.<\/p>\n<p><strong>C\u00f3digo Postal Institucional: <\/strong>100105<\/p>\n<p><strong>C\u00f3digo Postal Georeferencial:<\/strong> EC100150<\/p>\n<hr \/>\n<p><iframe loading=\"lazy\" style=\"border: 0;\" src=\"https:\/\/www.google.com\/maps\/embed?pb=!1m18!1m12!1m3!1d15958.954351547434!2d-78.11094763175753!3d0.3622257873748443!2m3!1f0!2f0!3f0!3m2!1i1024!2i768!4f13.1!3m3!1m2!1s0x0000000000000000%3A0xc97eab5c0f6a095e!2sUniversidad+Tecnica+del+Norte+%22UTN%22!5e0!3m2!1ses-419!2sec!4v1419229986791\" width=\"670\" height=\"330\" frameborder=\"0\"><\/iframe><\/p>\n<hr \/>\n<p>&nbsp;<\/p>\n","protected":false},"excerpt":{"rendered":"<p>Para comunicarse con la Carrera de Pedagog\u00eda de las Ciencias Experimentales de la UTN utilice los siguientes medios: Tel\u00e9fonos: +593 (6) 2 99 78 00 E-mail de informaci\u00f3n:\u00a0cexperimentales@utn.edu.ec Ubicaci\u00f3n: Ciudadela Universitaria, Av. 17 de Julio 5-21 y General Jos\u00e9 Mar\u00eda <a href=\"https:\/\/cienciasexperimentales.utn.edu.ec\/index.php\/contactos\/\" class=\"read-more\">Read More &#8230;<\/a><\/p>\n","protected":false},"author":1,"featured_media":0,"parent":0,"menu_order":0,"comment_status":"closed","ping_status":"closed","template":"","meta":{"footnotes":""},"class_list":["post-25","page","type-page","status-publish","hentry"],"_links":{"self":[{"href":"https:\/\/cienciasexperimentales.utn.edu.ec\/index.php\/wp-json\/wp\/v2\/pages\/25","targetHints":{"allow":["GET"]}}],"collection":[{"href":"https:\/\/cienciasexperimentales.utn.edu.ec\/index.php\/wp-json\/wp\/v2\/pages"}],"about":[{"href":"https:\/\/cienciasexperimentales.utn.edu.ec\/index.php\/wp-json\/wp\/v2\/types\/page"}],"author":[{"embeddable":true,"href":"https:\/\/cienciasexperimentales.utn.edu.ec\/index.php\/wp-json\/wp\/v2\/users\/1"}],"replies":[{"embeddable":true,"href":"https:\/\/cienciasexperimentales.utn.edu.ec\/index.php\/wp-json\/wp\/v2\/comments?post=25"}],"version-history":[{"count":10,"href":"https:\/\/cienciasexperimentales.utn.edu.ec\/index.php\/wp-json\/wp\/v2\/pages\/25\/revisions"}],"predecessor-version":[{"id":845,"href":"https:\/\/cienciasexperimentales.utn.edu.ec\/index.php\/wp-json\/wp\/v2\/pages\/25\/revisions\/845"}],"wp:attachment":[{"href":"https:\/\/cienciasexperimentales.utn.edu.ec\/index.php\/wp-json\/wp\/v2\/media?parent=25"}],"curies":[{"name":"wp","href":"https:\/\/api.w.org\/{rel}","templated":true}]}}