{"id":341,"date":"2019-02-14T05:09:38","date_gmt":"2019-02-14T05:09:38","guid":{"rendered":"https:\/\/www.utn.edu.ec\/fecyt\/carreras\/cienciasexperimentales\/?page_id=341"},"modified":"2024-10-22T18:35:13","modified_gmt":"2024-10-22T18:35:13","slug":"practicas-preprofesionales-carrera-de-pedagogia-de-las-ciencias-experimentales","status":"publish","type":"page","link":"https:\/\/cienciasexperimentales.utn.edu.ec\/index.php\/vinculacion\/practicas-preprofesionales-carrera-de-pedagogia-de-las-ciencias-experimentales\/","title":{"rendered":"Pr\u00e1cticas Preprofesionales"},"content":{"rendered":"<h1 style=\"text-align: center;\"><span style=\"color: #d20a11;\">Carrera de Pedagog\u00eda de las Ciencias Experimentales<\/span><\/h1>\n<h2 style=\"text-align: center;\"><span style=\"color: #d20a11;\">Septiembre 2024 &#8211; Febrero 2025<\/span><\/h2>\n<table>\n<tbody>\n<tr>\n<td colspan=\"4\">\n<h2 style=\"text-align: left;\"><strong>Distrito 10D01<\/strong><\/h2>\n<\/td>\n<\/tr>\n<tr>\n<td style=\"width: 350px; text-align: left;\"><strong>Instituci\u00f3n Educativa<\/strong><\/td>\n<td style=\"text-align: center;\" width=\"20\"><strong> Nro. Practicantes<\/strong><\/td>\n<td style=\"width: 200px; text-align: center;\"><strong>Docente Tutor<\/strong><\/td>\n<td style=\"text-align: center;\"><strong>Rector Instituci\u00f3n Educativa<\/strong><\/td>\n<\/tr>\n<tr>\n<td style=\"width: 350px; text-align: left;\">Ana Luisa Leoro<\/td>\n<td style=\"text-align: center;\" width=\"20\">7<\/td>\n<td style=\"width: 200px; text-align: left;\">MSc. Pozo Revelo Diego Alexander<\/td>\n<td style=\"text-align: left;\">MSc. Merlo Rosas Milton Rigoberto<\/td>\n<\/tr>\n<tr>\n<td style=\"width: 350px; text-align: left;\">Ibarra<\/td>\n<td style=\"text-align: center;\" width=\"20\">12<\/td>\n<td style=\"width: 200px; text-align: left;\">MSc. Ayala V\u00e1squez Orlando Rodrigo<\/td>\n<td style=\"text-align: left;\">MSc. Est\u00e9vez Harrison Atahualpa<\/td>\n<\/tr>\n<tr>\n<td style=\"width: 350px; text-align: left;\">17 de Julio<\/td>\n<td style=\"text-align: center;\" width=\"20\">12<\/td>\n<td style=\"width: 200px; text-align: left;\">MSc. Arciniegas Romero Mar\u00eda Gabriela<\/td>\n<td style=\"text-align: left;\">MSc. Bonilla Arteaga Klever Alfonso<\/td>\n<\/tr>\n<tr>\n<td style=\"width: 350px; text-align: left;\">Agust\u00edn Cueva D\u00e1vila<\/td>\n<td style=\"text-align: center;\" width=\"20\">3<\/td>\n<td style=\"width: 200px; text-align: left;\">MSc. Hern\u00e1ndez Mart\u00ednez Marco Antonio<\/td>\n<td style=\"text-align: left;\">MSc. Su\u00e1rez Ter\u00e1n Mar\u00eda Alexandra<\/td>\n<\/tr>\n<tr>\n<td style=\"width: 350px; text-align: left;\">Mariano Su\u00e1rez Veintimilla<\/td>\n<td style=\"text-align: center;\" width=\"20\">6<\/td>\n<td style=\"width: 200px; text-align: left;\">MSc. \u00c1lvarez Tinajero Nevy Mariela<\/td>\n<td style=\"text-align: left;\">MSc. Godoy Tapia Mauricio Bladimir<\/td>\n<\/tr>\n<tr>\n<td style=\"width: 350px; text-align: left;\">Priorato<\/td>\n<td style=\"text-align: center;\" width=\"20\">10<\/td>\n<td style=\"width: 200px; text-align: left;\">MSc. \u00c1lvarez Tinajero Nevy Mariela<\/td>\n<td style=\"text-align: left;\">MSc. Rosero Mayanquer Daniel Faustino<\/td>\n<\/tr>\n<tr>\n<td style=\"width: 350px; text-align: left;\">Teodoro G\u00f3mez de la Torre<\/td>\n<td style=\"text-align: center;\" width=\"20\">11<\/td>\n<td style=\"width: 200px; text-align: left;\">MSc. Narv\u00e1ez Pinango Miguel \u00c1ngel<\/td>\n<td style=\"text-align: left;\">MSc. Hidalgo Padilla Sandra Esperanza<\/td>\n<\/tr>\n<tr>\n<td style=\"width: 350px; text-align: left;\">Victor Manuel Guzm\u00e1n<\/td>\n<td style=\"text-align: center;\" width=\"20\">11<\/td>\n<td style=\"width: 200px; text-align: left;\">MSc. Placencia Enr\u00edquez Silvio Fernando<\/td>\n<td style=\"text-align: left;\">MSc. Garz\u00f3n Chal\u00e1n Carlos Giovany<\/td>\n<\/tr>\n<tr>\n<td style=\"width: 350px; text-align: left;\">Victor Mideros<\/td>\n<td style=\"text-align: center;\" width=\"20\">3<\/td>\n<td style=\"width: 200px; text-align: left;\">MSc. Hern\u00e1ndez Mart\u00ednez Marco Antonio<\/td>\n<td style=\"text-align: left;\">MSc. Bedoya Carlos Ramiro<\/td>\n<\/tr>\n<tr>\n<td colspan=\"4\">\n<h2 style=\"text-align: left;\"><strong>Distrito 10D02<\/strong><\/h2>\n<\/td>\n<\/tr>\n<tr>\n<td style=\"width: 350px; text-align: left;\"><strong>Instituci\u00f3n Educativa<\/strong><\/td>\n<td style=\"text-align: center;\" width=\"20\"><strong> Nro. Practicantes<\/strong><\/td>\n<td style=\"width: 200px; text-align: center;\"><strong>Docente Tutor<\/strong><\/td>\n<td style=\"text-align: center;\"><strong>Rector Instituci\u00f3n Educativa<\/strong><\/td>\n<\/tr>\n<tr>\n<td style=\"width: 350px; text-align: left;\">Alberto Enr\u00edquez<\/td>\n<td style=\"text-align: center;\" width=\"20\">6<\/td>\n<td style=\"width: 200px; text-align: left;\">MSc. Rivadeneira Flores Jaime Oswaldo<\/td>\n<td style=\"text-align: left;\">MSc. Rosero Rosero Zulma Alexandra<\/td>\n<\/tr>\n<tr>\n<td style=\"width: 350px; text-align: left;\">Jacinto Collahuazo<\/td>\n<td style=\"text-align: center;\" width=\"20\">9<\/td>\n<td style=\"width: 200px; text-align: left;\">MSc. Rivadeneira Flores Jaime Oswaldo<\/td>\n<td style=\"text-align: left;\">MSc. Hidrobo Sig\u00fcencia Ivonne Anabel<\/td>\n<\/tr>\n<tr>\n<td style=\"width: 350px; text-align: left;\">Rep\u00fablica del Ecuador<\/td>\n<td style=\"text-align: center;\" width=\"20\">10<\/td>\n<td style=\"width: 200px; text-align: left;\">MSc. Rivadeneira Flores Jaime Oswaldo<\/td>\n<td style=\"text-align: left;\">MSc. Anrango Fern\u00e1ndez Gladys Amparo<\/td>\n<\/tr>\n<tr>\n<td style=\"width: 350px; text-align: left;\">Otavalo<\/td>\n<td style=\"text-align: center;\" width=\"20\">7<\/td>\n<td style=\"width: 200px; text-align: left;\">MSc. Rivadeneira Flores Jaime Oswaldo<\/td>\n<td style=\"text-align: left;\">MSc. Mena Valenzuela Soraya del Carmen<\/td>\n<\/tr>\n<tr>\n<td colspan=\"4\">\n<h2 style=\"text-align: left;\"><strong>Distrito 10D03<\/strong><\/h2>\n<\/td>\n<\/tr>\n<tr>\n<td style=\"width: 350px; text-align: left;\"><strong>Instituci\u00f3n Educativa<\/strong><\/td>\n<td style=\"text-align: center;\" width=\"20\"><strong> Nro. Practicantes<\/strong><\/td>\n<td style=\"width: 200px; text-align: center;\"><strong>Docente Tutor<\/strong><\/td>\n<td style=\"text-align: center;\"><strong>Rector Instituci\u00f3n Educativa<\/strong><\/td>\n<\/tr>\n<tr>\n<td style=\"width: 350px; text-align: left;\">Luis Ulpiano de la Torre<\/td>\n<td style=\"text-align: center;\" width=\"20\">1<\/td>\n<td style=\"width: 200px; text-align: left;\">MSc. Rivadeneira Flores Jaime Oswaldo<\/td>\n<td style=\"text-align: left;\">MSc. Dominguez Banda Francisco Javier<\/td>\n<\/tr>\n<\/tbody>\n<\/table>\n<p>&nbsp;<\/p>\n","protected":false},"excerpt":{"rendered":"<p>Carrera de Pedagog\u00eda de las Ciencias Experimentales Septiembre 2024 &#8211; Febrero 2025 Distrito 10D01 Instituci\u00f3n Educativa Nro. Practicantes Docente Tutor Rector Instituci\u00f3n Educativa Ana Luisa Leoro 7 MSc. Pozo Revelo Diego Alexander MSc. Merlo Rosas Milton Rigoberto Ibarra 12 MSc. <a href=\"https:\/\/cienciasexperimentales.utn.edu.ec\/index.php\/vinculacion\/practicas-preprofesionales-carrera-de-pedagogia-de-las-ciencias-experimentales\/\" class=\"read-more\">Read More &#8230;<\/a><\/p>\n","protected":false},"author":2,"featured_media":0,"parent":23,"menu_order":0,"comment_status":"closed","ping_status":"closed","template":"","meta":{"footnotes":""},"class_list":["post-341","page","type-page","status-publish","hentry"],"_links":{"self":[{"href":"https:\/\/cienciasexperimentales.utn.edu.ec\/index.php\/wp-json\/wp\/v2\/pages\/341","targetHints":{"allow":["GET"]}}],"collection":[{"href":"https:\/\/cienciasexperimentales.utn.edu.ec\/index.php\/wp-json\/wp\/v2\/pages"}],"about":[{"href":"https:\/\/cienciasexperimentales.utn.edu.ec\/index.php\/wp-json\/wp\/v2\/types\/page"}],"author":[{"embeddable":true,"href":"https:\/\/cienciasexperimentales.utn.edu.ec\/index.php\/wp-json\/wp\/v2\/users\/2"}],"replies":[{"embeddable":true,"href":"https:\/\/cienciasexperimentales.utn.edu.ec\/index.php\/wp-json\/wp\/v2\/comments?post=341"}],"version-history":[{"count":57,"href":"https:\/\/cienciasexperimentales.utn.edu.ec\/index.php\/wp-json\/wp\/v2\/pages\/341\/revisions"}],"predecessor-version":[{"id":718,"href":"https:\/\/cienciasexperimentales.utn.edu.ec\/index.php\/wp-json\/wp\/v2\/pages\/341\/revisions\/718"}],"up":[{"embeddable":true,"href":"https:\/\/cienciasexperimentales.utn.edu.ec\/index.php\/wp-json\/wp\/v2\/pages\/23"}],"wp:attachment":[{"href":"https:\/\/cienciasexperimentales.utn.edu.ec\/index.php\/wp-json\/wp\/v2\/media?parent=341"}],"curies":[{"name":"wp","href":"https:\/\/api.w.org\/{rel}","templated":true}]}}