{"id":40,"date":"2018-02-07T15:23:10","date_gmt":"2018-02-07T15:23:10","guid":{"rendered":"http:\/\/www.utn.edu.ec\/fecyt\/carreras\/cienciasexperimentales\/?page_id=40"},"modified":"2026-05-14T20:13:20","modified_gmt":"2026-05-14T20:13:20","slug":"nuestra-carrera","status":"publish","type":"page","link":"https:\/\/cienciasexperimentales.utn.edu.ec\/index.php\/nuestra-carrera\/","title":{"rendered":"Nuestra Carrera"},"content":{"rendered":"<h1 style=\"text-align: center;\"><span style=\"color: d20a11;\"><strong>BIENVENIDA<\/strong><\/span><\/h1>\n<figure id=\"attachment_867\" aria-describedby=\"caption-attachment-867\" style=\"width: 274px\" class=\"wp-caption alignleft\"><img loading=\"lazy\" decoding=\"async\" class=\"wp-image-867 size-medium\" title=\"Ing. Jaime Rivadeneira, Msc.\" src=\"https:\/\/cienciasexperimentales.utn.edu.ec\/wp-content\/uploads\/2026\/05\/Captura-de-pantalla-2024-09-06-113658-1-274x300.png\" alt=\"\" width=\"274\" height=\"300\" srcset=\"https:\/\/cienciasexperimentales.utn.edu.ec\/wp-content\/uploads\/2026\/05\/Captura-de-pantalla-2024-09-06-113658-1-274x300.png 274w, https:\/\/cienciasexperimentales.utn.edu.ec\/wp-content\/uploads\/2026\/05\/Captura-de-pantalla-2024-09-06-113658-1-247x270.png 247w, https:\/\/cienciasexperimentales.utn.edu.ec\/wp-content\/uploads\/2026\/05\/Captura-de-pantalla-2024-09-06-113658-1.png 306w\" sizes=\"auto, (max-width: 274px) 100vw, 274px\" \/><figcaption id=\"caption-attachment-867\" class=\"wp-caption-text\">Lic. Nevy Alvarez Tinajero, MSc. COORDINADORA DE CARRERA<\/figcaption><\/figure>\n<p data-start=\"0\" data-end=\"411\">La docencia representa mucho m\u00e1s que una profesi\u00f3n; constituye una vocaci\u00f3n que inspira, transforma y deja huellas permanentes en la vida de los estudiantes. Ser maestro implica despertar la curiosidad, motivar el deseo de aprender y acompa\u00f1ar la construcci\u00f3n de nuevos conocimientos, mientras se fortalece el esp\u00edritu a trav\u00e9s de las experiencias, el afecto y el compromiso compartido diariamente en las aulas.<\/p>\n<p data-start=\"413\" data-end=\"844\">En la Carrera de Pedagog\u00eda de las Ciencias Experimentales creemos en una formaci\u00f3n acad\u00e9mica basada en la excelencia, la innovaci\u00f3n y el sentido humano de la educaci\u00f3n. Nuestro compromiso es formar profesionales capaces de responder a los desaf\u00edos actuales de la ense\u00f1anza de la F\u00edsica y la Matem\u00e1tica, integrando la investigaci\u00f3n, la tecnolog\u00eda y las nuevas corrientes pedag\u00f3gicas como pilares fundamentales del proceso educativo.<\/p>\n<p data-start=\"846\" data-end=\"1180\">A lo largo de su trayectoria, nuestra carrera se ha consolidado como un referente en la promoci\u00f3n de proyectos educativos, actividades acad\u00e9micas y experiencias formativas que fortalecen el pensamiento cr\u00edtico, las capacidades cognitivas y la construcci\u00f3n de una identidad pedag\u00f3gica s\u00f3lida en el campo de las ciencias experimentales.<\/p>\n<p data-start=\"1182\" data-end=\"1632\" data-is-last-node=\"\" data-is-only-node=\"\">Este espacio busca compartir las experiencias, logros y actividades que enriquecen la vida acad\u00e9mica de nuestra comunidad universitaria, fortaleciendo el v\u00ednculo entre docentes, estudiantes y sociedad. Les damos la m\u00e1s cordial bienvenida a la Universidad T\u00e9cnica del Norte, instituci\u00f3n donde el conocimiento, la innovaci\u00f3n y la vocaci\u00f3n docente se unen para formar profesionales comprometidos con la transformaci\u00f3n educativa y el desarrollo del pa\u00eds.<\/p>\n","protected":false},"excerpt":{"rendered":"<p>BIENVENIDA La docencia representa mucho m\u00e1s que una profesi\u00f3n; constituye una vocaci\u00f3n que inspira, transforma y deja huellas permanentes en la vida de los estudiantes. Ser maestro implica despertar la curiosidad, motivar el deseo de aprender y acompa\u00f1ar la construcci\u00f3n <a href=\"https:\/\/cienciasexperimentales.utn.edu.ec\/index.php\/nuestra-carrera\/\" class=\"read-more\">Read More &#8230;<\/a><\/p>\n","protected":false},"author":1,"featured_media":0,"parent":0,"menu_order":0,"comment_status":"closed","ping_status":"closed","template":"","meta":{"footnotes":""},"class_list":["post-40","page","type-page","status-publish","hentry"],"_links":{"self":[{"href":"https:\/\/cienciasexperimentales.utn.edu.ec\/index.php\/wp-json\/wp\/v2\/pages\/40","targetHints":{"allow":["GET"]}}],"collection":[{"href":"https:\/\/cienciasexperimentales.utn.edu.ec\/index.php\/wp-json\/wp\/v2\/pages"}],"about":[{"href":"https:\/\/cienciasexperimentales.utn.edu.ec\/index.php\/wp-json\/wp\/v2\/types\/page"}],"author":[{"embeddable":true,"href":"https:\/\/cienciasexperimentales.utn.edu.ec\/index.php\/wp-json\/wp\/v2\/users\/1"}],"replies":[{"embeddable":true,"href":"https:\/\/cienciasexperimentales.utn.edu.ec\/index.php\/wp-json\/wp\/v2\/comments?post=40"}],"version-history":[{"count":47,"href":"https:\/\/cienciasexperimentales.utn.edu.ec\/index.php\/wp-json\/wp\/v2\/pages\/40\/revisions"}],"predecessor-version":[{"id":870,"href":"https:\/\/cienciasexperimentales.utn.edu.ec\/index.php\/wp-json\/wp\/v2\/pages\/40\/revisions\/870"}],"wp:attachment":[{"href":"https:\/\/cienciasexperimentales.utn.edu.ec\/index.php\/wp-json\/wp\/v2\/media?parent=40"}],"curies":[{"name":"wp","href":"https:\/\/api.w.org\/{rel}","templated":true}]}}