{"id":44,"date":"2018-02-07T15:23:48","date_gmt":"2018-02-07T15:23:48","guid":{"rendered":"http:\/\/www.utn.edu.ec\/fecyt\/carreras\/cienciasexperimentales\/?page_id=44"},"modified":"2018-02-17T00:03:07","modified_gmt":"2018-02-17T00:03:07","slug":"historia-de-carrera","status":"publish","type":"page","link":"https:\/\/cienciasexperimentales.utn.edu.ec\/index.php\/historia-de-carrera\/","title":{"rendered":"Historia de Carrera"},"content":{"rendered":"<p style=\"text-align: justify;\">Desde el inicio de la Universidad T\u00e9cnica del Norte, la Facultad de Ciencias de la Educaci\u00f3n, m\u00e1s tarde llamada de Educaci\u00f3n, Ciencia y Tecnolog\u00eda cre\u00f3 la Carrera de <strong>Licenciatura en Ciencias de la Educaci\u00f3n especializaci\u00f3n F\u00edsica y Matem\u00e1tica<\/strong>.<\/p>\n<p style=\"text-align: justify;\">Desde entonces, docentes y estudiantes de la carrera de Licenciatura en Ciencias de la Educaci\u00f3n especializaci\u00f3n\u00a0F\u00edsica y Matem\u00e1tica, asumen el reto de enfrentar y fortalecer d\u00eda a d\u00eda los procesos formativos a fin de lograr profesionales capaces de identificar, gestionar y evaluar proyectos de aprendizaje en el \u00e1rea de ciencias exactas en el norte ecuatoriano, contribuyendo, de esta manera, a la formaci\u00f3n integral de profesionales tanto t\u00e9cnica como cient\u00edficamente, la producci\u00f3n de pensamiento y la vinculaci\u00f3n con\u00a0 la colectividad, orientada de manera efectiva al desarrollo de esta parte de la ciencia<\/p>\n<p style=\"text-align: justify;\">La red curricular de esta carrera ha sido dise\u00f1ada y reestructurada de acuerdo a las exigencias que se ameritaban y en concordancia con los objetivos y lineamientos estrat\u00e9gicos establecidos en la propuesta actual del Nuevo Bachillerato Ecuatoriano.<\/p>\n<p style=\"text-align: left;\">En este contexto, la Unidad Acad\u00e9mica de Licenciatura en Ciencias de la Educaci\u00f3n especializaci\u00f3n F\u00edsica y Matem\u00e1tica, considera necesario mejorar la gesti\u00f3n interna, modificando el estilo de planeaci\u00f3n del quehacer acad\u00e9mico, a trav\u00e9s del dise\u00f1o e implementaci\u00f3n del Plan Estrat\u00e9gico para el per\u00edodo 2010 \u2013 2012, con la finalidad de garantizar un crecimiento sostenido y el mejoramiento de las relaciones con el entorno.<\/p>\n<p style=\"text-align: justify;\">El 20 de marzo de 2015, se forma\u00a0<strong>LA RED ACAD\u00c9MICA DE CARRERAS DE PEDAGOG\u00cdA DE LAS CIENCIAS EXPERIMENTALES: MATEM\u00c1TICAS Y F\u00cdSICA,<\/strong>\u00a0conformada por la Universidad Central del Ecuador, Universidad de Cuenca, Universidad de Chimborazo, Universidad Estatal de Bolivar, Universidad T\u00e9cnica de Manab\u00ed, Universidad T\u00e9cnica del Norte, con las que se emprende el redise\u00f1o de la Carrera, objetivo que se consigue el 15 de junio 2016 con resoluci\u00f3n <strong>RPC-SO-23-No.384-2016,<\/strong> en la cual la Carrera de Licenciatura en Ciencias de la Educaci\u00f3n especializaci\u00f3n F\u00edsica y Matem\u00e1tica pasa al estado de <strong>NO VIGENTE HABILITADO PARA REGISTRO DE T\u00cdTULOS,<\/strong> en este contexto nace la\u00a0<strong>CARRERA DE PEDAGOG\u00cdA DE LAS CIENCIAS EXPERIMENTALES,<\/strong> que oferta el t\u00edtulo de\u00a0<strong>LICENCIADO(A) EN PEDAGOG\u00cdA DE LAS MATEM\u00c1TICAS Y LA F\u00cdSICA,<\/strong> la misma que tiene una vigencia de 5 a\u00f1os.<\/p>\n","protected":false},"excerpt":{"rendered":"<p>Desde el inicio de la Universidad T\u00e9cnica del Norte, la Facultad de Ciencias de la Educaci\u00f3n, m\u00e1s tarde llamada de Educaci\u00f3n, Ciencia y Tecnolog\u00eda cre\u00f3 la Carrera de Licenciatura en Ciencias de la Educaci\u00f3n especializaci\u00f3n F\u00edsica y Matem\u00e1tica. Desde entonces, <a href=\"https:\/\/cienciasexperimentales.utn.edu.ec\/index.php\/historia-de-carrera\/\" class=\"read-more\">Read More &#8230;<\/a><\/p>\n","protected":false},"author":1,"featured_media":0,"parent":0,"menu_order":0,"comment_status":"closed","ping_status":"closed","template":"","meta":{"footnotes":""},"class_list":["post-44","page","type-page","status-publish","hentry"],"_links":{"self":[{"href":"https:\/\/cienciasexperimentales.utn.edu.ec\/index.php\/wp-json\/wp\/v2\/pages\/44","targetHints":{"allow":["GET"]}}],"collection":[{"href":"https:\/\/cienciasexperimentales.utn.edu.ec\/index.php\/wp-json\/wp\/v2\/pages"}],"about":[{"href":"https:\/\/cienciasexperimentales.utn.edu.ec\/index.php\/wp-json\/wp\/v2\/types\/page"}],"author":[{"embeddable":true,"href":"https:\/\/cienciasexperimentales.utn.edu.ec\/index.php\/wp-json\/wp\/v2\/users\/1"}],"replies":[{"embeddable":true,"href":"https:\/\/cienciasexperimentales.utn.edu.ec\/index.php\/wp-json\/wp\/v2\/comments?post=44"}],"version-history":[{"count":8,"href":"https:\/\/cienciasexperimentales.utn.edu.ec\/index.php\/wp-json\/wp\/v2\/pages\/44\/revisions"}],"predecessor-version":[{"id":263,"href":"https:\/\/cienciasexperimentales.utn.edu.ec\/index.php\/wp-json\/wp\/v2\/pages\/44\/revisions\/263"}],"wp:attachment":[{"href":"https:\/\/cienciasexperimentales.utn.edu.ec\/index.php\/wp-json\/wp\/v2\/media?parent=44"}],"curies":[{"name":"wp","href":"https:\/\/api.w.org\/{rel}","templated":true}]}}