{"id":46,"date":"2018-02-07T15:24:08","date_gmt":"2018-02-07T15:24:08","guid":{"rendered":"http:\/\/www.utn.edu.ec\/fecyt\/carreras\/cienciasexperimentales\/?page_id=46"},"modified":"2026-05-14T20:18:44","modified_gmt":"2026-05-14T20:18:44","slug":"mision-y-vision","status":"publish","type":"page","link":"https:\/\/cienciasexperimentales.utn.edu.ec\/index.php\/mision-y-vision\/","title":{"rendered":"Misi\u00f3n y Visi\u00f3n"},"content":{"rendered":"<h2><span style=\"color: #d20a11;\"><strong>MISI\u00d3N<\/strong><\/span><\/h2>\n<p style=\"text-align: justify;\">La carrera de Pedagog\u00eda de las Ciencias Experimentales es una unidad acad\u00e9mica de la Universidad T\u00e9cnica del Norte, forma profesionales en Pedagog\u00eda de las Matem\u00e1ticas y la F\u00edsica, con conocimientos cient\u00edficos, t\u00e9cnicos y human\u00edsticos; que fomentan y ejecutan procesos de investigaci\u00f3n, transferencia de saberes y uso de medios tecnol\u00f3gicos; a fin de contribuir al avance educativo, cultural, social y ecol\u00f3gico de la regi\u00f3n y el pa\u00eds.<\/p>\n<h2><span style=\"color: #d20a11;\"><strong>VISI\u00d3N<\/strong><\/span><\/h2>\n<p style=\"text-align: justify;\">Para el 2029, la Carrera de Pedagog\u00eda de las Ciencias Experimentales ser\u00e1 un referente en la formaci\u00f3n de docentes en Pedagog\u00eda de las Matem\u00e1ticas y la F\u00edsica, con pertinencia social, amplios conocimientos cient\u00edficos y pedag\u00f3gicos, que contribuyen al mejoramiento de la calidad de la educaci\u00f3n a nivel local, regional y nacional.<\/p>\n","protected":false},"excerpt":{"rendered":"<p>MISI\u00d3N La carrera de Pedagog\u00eda de las Ciencias Experimentales es una unidad acad\u00e9mica de la Universidad T\u00e9cnica del Norte, forma profesionales en Pedagog\u00eda de las Matem\u00e1ticas y la F\u00edsica, con conocimientos cient\u00edficos, t\u00e9cnicos y human\u00edsticos; que fomentan y ejecutan procesos <a href=\"https:\/\/cienciasexperimentales.utn.edu.ec\/index.php\/mision-y-vision\/\" class=\"read-more\">Read More &#8230;<\/a><\/p>\n","protected":false},"author":1,"featured_media":0,"parent":0,"menu_order":0,"comment_status":"closed","ping_status":"closed","template":"","meta":{"footnotes":""},"class_list":["post-46","page","type-page","status-publish","hentry"],"_links":{"self":[{"href":"https:\/\/cienciasexperimentales.utn.edu.ec\/index.php\/wp-json\/wp\/v2\/pages\/46","targetHints":{"allow":["GET"]}}],"collection":[{"href":"https:\/\/cienciasexperimentales.utn.edu.ec\/index.php\/wp-json\/wp\/v2\/pages"}],"about":[{"href":"https:\/\/cienciasexperimentales.utn.edu.ec\/index.php\/wp-json\/wp\/v2\/types\/page"}],"author":[{"embeddable":true,"href":"https:\/\/cienciasexperimentales.utn.edu.ec\/index.php\/wp-json\/wp\/v2\/users\/1"}],"replies":[{"embeddable":true,"href":"https:\/\/cienciasexperimentales.utn.edu.ec\/index.php\/wp-json\/wp\/v2\/comments?post=46"}],"version-history":[{"count":20,"href":"https:\/\/cienciasexperimentales.utn.edu.ec\/index.php\/wp-json\/wp\/v2\/pages\/46\/revisions"}],"predecessor-version":[{"id":871,"href":"https:\/\/cienciasexperimentales.utn.edu.ec\/index.php\/wp-json\/wp\/v2\/pages\/46\/revisions\/871"}],"wp:attachment":[{"href":"https:\/\/cienciasexperimentales.utn.edu.ec\/index.php\/wp-json\/wp\/v2\/media?parent=46"}],"curies":[{"name":"wp","href":"https:\/\/api.w.org\/{rel}","templated":true}]}}