{"id":67,"date":"2018-02-07T15:41:01","date_gmt":"2018-02-07T15:41:01","guid":{"rendered":"http:\/\/www.utn.edu.ec\/fecyt\/carreras\/cienciasexperimentales\/?page_id=67"},"modified":"2019-02-08T04:32:34","modified_gmt":"2019-02-08T04:32:34","slug":"perfil-de-egreso","status":"publish","type":"page","link":"https:\/\/cienciasexperimentales.utn.edu.ec\/index.php\/perfil-de-egreso\/","title":{"rendered":"Perfil de Egreso"},"content":{"rendered":"<ul>\n<li style=\"text-align: justify;\">El titulado de la carrera de Pedagog\u00eda en Ciencias Experimentales es un especialista en las Ciencias B\u00e1sicas, con una fuerte formaci\u00f3n en el campo de las matem\u00e1ticas y la f\u00edsica y su interrelaci\u00f3n con otras disciplinas.<\/li>\n<li style=\"text-align: justify;\">Un profesional de la carrera de Pedagog\u00eda en Ciencias Experimentales, debe poseer un amplio dominio de t\u00e9cnicas, recursos disciplinares, utilizar con fluidez y precisi\u00f3n el m\u00e9todo l\u00f3gico-deductivo en la formulaci\u00f3n de modelos matem\u00e1ticos y f\u00edsicos.<\/li>\n<li style=\"text-align: justify;\">Se trata de un experto id\u00f3neo para interpretar enunciados referidos a temas complejos de la Matem\u00e1tica y la F\u00edsica avanzada, analizar y resolver problemas de mediana y alta rigurosidad cient\u00edfica.<\/li>\n<li style=\"text-align: justify;\">El graduado de la Pedagog\u00eda en Ciencias Experimentales, tiene la capacidad para realizar aportes innovadores relacionados con el desarrollo de las ciencias B\u00e1sicas y sus posibles aplicaciones en otras \u00e1reas del conocimiento, as\u00ed como para juzgarlos anal\u00edtica y cr\u00edticamente.<\/li>\n<li style=\"text-align: justify;\">El pedagogo de la Ciencias Experimentales es un docente eficaz y de sentido \u00e9tico para el desempe\u00f1o de los roles que pueda asumir en funci\u00f3n de su condici\u00f3n de especialista de la matem\u00e1tica y la f\u00edsica, dispuesto a poner al servicio de los intereses de la sociedad sus capacidades y conocimientos en cumplimiento con el Plan del Buen Vivir.<\/li>\n<\/ul>\n","protected":false},"excerpt":{"rendered":"<p>El titulado de la carrera de Pedagog\u00eda en Ciencias Experimentales es un especialista en las Ciencias B\u00e1sicas, con una fuerte formaci\u00f3n en el campo de las matem\u00e1ticas y la f\u00edsica y su interrelaci\u00f3n con otras disciplinas. Un profesional de la <a href=\"https:\/\/cienciasexperimentales.utn.edu.ec\/index.php\/perfil-de-egreso\/\" class=\"read-more\">Read More &#8230;<\/a><\/p>\n","protected":false},"author":1,"featured_media":0,"parent":0,"menu_order":0,"comment_status":"closed","ping_status":"closed","template":"","meta":{"footnotes":""},"class_list":["post-67","page","type-page","status-publish","hentry"],"_links":{"self":[{"href":"https:\/\/cienciasexperimentales.utn.edu.ec\/index.php\/wp-json\/wp\/v2\/pages\/67","targetHints":{"allow":["GET"]}}],"collection":[{"href":"https:\/\/cienciasexperimentales.utn.edu.ec\/index.php\/wp-json\/wp\/v2\/pages"}],"about":[{"href":"https:\/\/cienciasexperimentales.utn.edu.ec\/index.php\/wp-json\/wp\/v2\/types\/page"}],"author":[{"embeddable":true,"href":"https:\/\/cienciasexperimentales.utn.edu.ec\/index.php\/wp-json\/wp\/v2\/users\/1"}],"replies":[{"embeddable":true,"href":"https:\/\/cienciasexperimentales.utn.edu.ec\/index.php\/wp-json\/wp\/v2\/comments?post=67"}],"version-history":[{"count":6,"href":"https:\/\/cienciasexperimentales.utn.edu.ec\/index.php\/wp-json\/wp\/v2\/pages\/67\/revisions"}],"predecessor-version":[{"id":303,"href":"https:\/\/cienciasexperimentales.utn.edu.ec\/index.php\/wp-json\/wp\/v2\/pages\/67\/revisions\/303"}],"wp:attachment":[{"href":"https:\/\/cienciasexperimentales.utn.edu.ec\/index.php\/wp-json\/wp\/v2\/media?parent=67"}],"curies":[{"name":"wp","href":"https:\/\/api.w.org\/{rel}","templated":true}]}}