{"id":69,"date":"2018-02-07T15:41:15","date_gmt":"2018-02-07T15:41:15","guid":{"rendered":"http:\/\/www.utn.edu.ec\/fecyt\/carreras\/cienciasexperimentales\/?page_id=69"},"modified":"2019-02-08T04:33:04","modified_gmt":"2019-02-08T04:33:04","slug":"perfil-profesional","status":"publish","type":"page","link":"https:\/\/cienciasexperimentales.utn.edu.ec\/index.php\/perfil-profesional\/","title":{"rendered":"Perfil Profesional"},"content":{"rendered":"<p style=\"text-align: justify;\">El perfil del docente de pedagog\u00eda de las matem\u00e1ticas y la f\u00edsica se orienta al desarrollo de competencias profesionales investigativas, docentes y de gesti\u00f3n pedag\u00f3gica para construir conocimiento en torno a los procesos de aprendizaje de las ciencias exactas y l\u00f3gicas; al reconocer las dimensiones humana-cultural- social-ecol\u00f3gica del aprendizaje e interpretando los enfoques, teor\u00edas y n\u00facleos conceptuales fundamentales de la filosof\u00eda, pedagog\u00eda e investigaci\u00f3n intercultural y las \u00e1reas disciplinares de la formaci\u00f3n inicial. Son profesionales de excelencia, capaces de indagar, sistematizar y expresar su saber ser, saber hacer y su saber disciplinar desde un compromiso \u00e9tico, integrando y liderando equipos de gesti\u00f3n educativa y comunidades de aprendizaje, para su aplicaci\u00f3n en la investigaci\u00f3n educativa, la gesti\u00f3n curricular y el dise\u00f1o, desarrollo e implementaci\u00f3n y evaluaci\u00f3n de proyectos pedag\u00f3gicos y procesos de inter-aprendizaje en diferentes contextos, promoviendo la participaci\u00f3n y el involucramiento de los actores educativos, para un sumak kawsay en el marco de las pol\u00edticas del sistema educativo nacional.<\/p>\n","protected":false},"excerpt":{"rendered":"<p>El perfil del docente de pedagog\u00eda de las matem\u00e1ticas y la f\u00edsica se orienta al desarrollo de competencias profesionales investigativas, docentes y de gesti\u00f3n pedag\u00f3gica para construir conocimiento en torno a los procesos de aprendizaje de las ciencias exactas y <a href=\"https:\/\/cienciasexperimentales.utn.edu.ec\/index.php\/perfil-profesional\/\" class=\"read-more\">Read More &#8230;<\/a><\/p>\n","protected":false},"author":1,"featured_media":0,"parent":0,"menu_order":0,"comment_status":"closed","ping_status":"closed","template":"","meta":{"footnotes":""},"class_list":["post-69","page","type-page","status-publish","hentry"],"_links":{"self":[{"href":"https:\/\/cienciasexperimentales.utn.edu.ec\/index.php\/wp-json\/wp\/v2\/pages\/69","targetHints":{"allow":["GET"]}}],"collection":[{"href":"https:\/\/cienciasexperimentales.utn.edu.ec\/index.php\/wp-json\/wp\/v2\/pages"}],"about":[{"href":"https:\/\/cienciasexperimentales.utn.edu.ec\/index.php\/wp-json\/wp\/v2\/types\/page"}],"author":[{"embeddable":true,"href":"https:\/\/cienciasexperimentales.utn.edu.ec\/index.php\/wp-json\/wp\/v2\/users\/1"}],"replies":[{"embeddable":true,"href":"https:\/\/cienciasexperimentales.utn.edu.ec\/index.php\/wp-json\/wp\/v2\/comments?post=69"}],"version-history":[{"count":6,"href":"https:\/\/cienciasexperimentales.utn.edu.ec\/index.php\/wp-json\/wp\/v2\/pages\/69\/revisions"}],"predecessor-version":[{"id":304,"href":"https:\/\/cienciasexperimentales.utn.edu.ec\/index.php\/wp-json\/wp\/v2\/pages\/69\/revisions\/304"}],"wp:attachment":[{"href":"https:\/\/cienciasexperimentales.utn.edu.ec\/index.php\/wp-json\/wp\/v2\/media?parent=69"}],"curies":[{"name":"wp","href":"https:\/\/api.w.org\/{rel}","templated":true}]}}